
{"id":2,"date":"2016-01-30T22:45:33","date_gmt":"2016-01-30T21:45:33","guid":{"rendered":"https:\/\/blog.madeleinemeuwessen.nl\/?page_id=2"},"modified":"2016-01-30T22:45:33","modified_gmt":"2016-01-30T21:45:33","slug":"voorbeeld-pagina","status":"publish","type":"page","link":"https:\/\/blog.madeleinemeuwessen.nl\/sv\/voorbeeld-pagina\/","title":{"rendered":"Exempel p\u00e5 sida"},"content":{"rendered":"<p>Detta \u00e4r en exempelsida. Den skiljer sig fr\u00e5n ett inl\u00e4gg genom att den har en fast plats och visas i webbplatsnavigeringen (i de flesta teman). De flesta anv\u00e4ndare b\u00f6rjar med en Om mig-sida f\u00f6r att presentera sig f\u00f6r potentiella bes\u00f6kare. Ett exempel:<\/p>\n<blockquote><p>Hej, p\u00e5 dagen \u00e4r jag brevb\u00e4rare, men p\u00e5 natten h\u00e5ller jag p\u00e5 att utbilda mig till sk\u00e5despelare. Det h\u00e4r \u00e4r min blogg. Jag bor i Hilversum tillsammans med Vlekkie, min trogna fyrbenta v\u00e4n. Jag \u00e4lskar cocktails och, ibland, en sommardusch p\u00e5 mitt huvud.<\/p><\/blockquote>\n<p>...eller n\u00e5got i den stilen:<\/p>\n<blockquote><p>XYZ Dingetjes BV har levererat otaliga h\u00f6gkvalitativa dinges till en bred publik sedan 1971. XYZ \u00e4r baserat i Bolsward och har cirka 2 000 anst\u00e4llda och g\u00f6r alla m\u00f6jliga fantastiska saker f\u00f6r det frisiska samh\u00e4llet.<\/p><\/blockquote>\n<p>Som ny WordPress-anv\u00e4ndare kan du g\u00e5 till <a href=\"https:\/\/blog.madeleinemeuwessen.nl\/wp-admin\/\">instrumentpanelen<\/a> g\u00e5 f\u00f6r att ta bort den h\u00e4r exempelsidan och skapa nya sidor f\u00f6r din webbplats. Ha det s\u00e5 roligt!<\/p>","protected":false},"excerpt":{"rendered":"<p>Dit is een voorbeeldpagina. Het verschilt van een bericht omdat het een vaste plek heeft en in de sitenavigatie getoond wordt (in de meeste thema&#8217;s). De meeste gebruikers beginnen met een Over mij pagina om zich voor te stellen aan potenti&#235;le bezoekers. Bijvoorbeeld: Hallo! Overdag ben ik postbode, maar &#8217;s avonds timmer ik aan de [&#8230;]\n","protected":false},"author":4,"featured_media":0,"parent":0,"menu_order":0,"comment_status":"closed","ping_status":"open","template":"","meta":{"footnotes":""},"class_list":["post-2","page","type-page","status-publish","hentry"],"yoast_head":"<!-- This site is optimized with the Yoast SEO plugin v27.3 - https:\/\/yoast.com\/product\/yoast-seo-wordpress\/ -->\n<title>Voorbeeld pagina - Madeleine Meuwessen<\/title>\n<meta name=\"robots\" content=\"index, follow, max-snippet:-1, max-image-preview:large, max-video-preview:-1\" \/>\n<link rel=\"canonical\" href=\"https:\/\/blog.madeleinemeuwessen.nl\/sv\/voorbeeld-pagina\/\" \/>\n<meta property=\"og:locale\" content=\"sv_SE\" \/>\n<meta property=\"og:type\" content=\"article\" \/>\n<meta property=\"og:title\" content=\"Voorbeeld pagina - Madeleine Meuwessen\" \/>\n<meta property=\"og:description\" content=\"Dit is een voorbeeldpagina. Het verschilt van een bericht omdat het een vaste plek heeft en in de sitenavigatie getoond wordt (in de meeste thema&#8217;s). De meeste gebruikers beginnen met een Over mij pagina om zich voor te stellen aan potenti&#235;le bezoekers. Bijvoorbeeld: Hallo! Overdag ben ik postbode, maar &#8217;s avonds timmer ik aan de [...]\" \/>\n<meta property=\"og:url\" content=\"https:\/\/blog.madeleinemeuwessen.nl\/sv\/voorbeeld-pagina\/\" \/>\n<meta property=\"og:site_name\" content=\"Madeleine Meuwessen\" \/>\n<meta name=\"twitter:card\" content=\"summary_large_image\" \/>\n<meta name=\"twitter:label1\" content=\"Ber\u00e4knad l\u00e4stid\" \/>\n\t<meta name=\"twitter:data1\" content=\"1 minut\" \/>\n<script type=\"application\/ld+json\" class=\"yoast-schema-graph\">{\"@context\":\"https:\\\/\\\/schema.org\",\"@graph\":[{\"@type\":\"WebPage\",\"@id\":\"https:\\\/\\\/blog.madeleinemeuwessen.nl\\\/voorbeeld-pagina\\\/\",\"url\":\"https:\\\/\\\/blog.madeleinemeuwessen.nl\\\/voorbeeld-pagina\\\/\",\"name\":\"Voorbeeld pagina - Madeleine Meuwessen\",\"isPartOf\":{\"@id\":\"https:\\\/\\\/blog.madeleinemeuwessen.nl\\\/ko\\\/#website\"},\"datePublished\":\"2016-01-30T21:45:33+00:00\",\"breadcrumb\":{\"@id\":\"https:\\\/\\\/blog.madeleinemeuwessen.nl\\\/voorbeeld-pagina\\\/#breadcrumb\"},\"inLanguage\":\"sv-SE\",\"potentialAction\":[{\"@type\":\"ReadAction\",\"target\":[\"https:\\\/\\\/blog.madeleinemeuwessen.nl\\\/voorbeeld-pagina\\\/\"]}]},{\"@type\":\"BreadcrumbList\",\"@id\":\"https:\\\/\\\/blog.madeleinemeuwessen.nl\\\/voorbeeld-pagina\\\/#breadcrumb\",\"itemListElement\":[{\"@type\":\"ListItem\",\"position\":1,\"name\":\"Home\",\"item\":\"https:\\\/\\\/blog.madeleinemeuwessen.nl\\\/\"},{\"@type\":\"ListItem\",\"position\":2,\"name\":\"Voorbeeld pagina\"}]},{\"@type\":\"WebSite\",\"@id\":\"https:\\\/\\\/blog.madeleinemeuwessen.nl\\\/ko\\\/#website\",\"url\":\"https:\\\/\\\/blog.madeleinemeuwessen.nl\\\/ko\\\/\",\"name\":\"Madeleine Meuwessen\",\"description\":\"Als je het leven snapt, begrijp je de wereld niet.\",\"potentialAction\":[{\"@type\":\"SearchAction\",\"target\":{\"@type\":\"EntryPoint\",\"urlTemplate\":\"https:\\\/\\\/blog.madeleinemeuwessen.nl\\\/ko\\\/?s={search_term_string}\"},\"query-input\":{\"@type\":\"PropertyValueSpecification\",\"valueRequired\":true,\"valueName\":\"search_term_string\"}}],\"inLanguage\":\"sv-SE\"}]}<\/script>\n<!-- \/ Yoast SEO plugin. -->","yoast_head_json":{"title":"Exempelsida - Madeleine Meuwessen","robots":{"index":"index","follow":"follow","max-snippet":"max-snippet:-1","max-image-preview":"max-image-preview:large","max-video-preview":"max-video-preview:-1"},"canonical":"https:\/\/blog.madeleinemeuwessen.nl\/sv\/voorbeeld-pagina\/","og_locale":"sv_SE","og_type":"article","og_title":"Voorbeeld pagina - Madeleine Meuwessen","og_description":"Dit is een voorbeeldpagina. Het verschilt van een bericht omdat het een vaste plek heeft en in de sitenavigatie getoond wordt (in de meeste thema&#8217;s). De meeste gebruikers beginnen met een Over mij pagina om zich voor te stellen aan potenti&#235;le bezoekers. Bijvoorbeeld: Hallo! Overdag ben ik postbode, maar &#8217;s avonds timmer ik aan de [...]","og_url":"https:\/\/blog.madeleinemeuwessen.nl\/sv\/voorbeeld-pagina\/","og_site_name":"Madeleine Meuwessen","twitter_card":"summary_large_image","twitter_misc":{"Ber\u00e4knad l\u00e4stid":"1 minut"},"schema":{"@context":"https:\/\/schema.org","@graph":[{"@type":"WebPage","@id":"https:\/\/blog.madeleinemeuwessen.nl\/voorbeeld-pagina\/","url":"https:\/\/blog.madeleinemeuwessen.nl\/voorbeeld-pagina\/","name":"Exempelsida - Madeleine Meuwessen","isPartOf":{"@id":"https:\/\/blog.madeleinemeuwessen.nl\/ko\/#website"},"datePublished":"2016-01-30T21:45:33+00:00","breadcrumb":{"@id":"https:\/\/blog.madeleinemeuwessen.nl\/voorbeeld-pagina\/#breadcrumb"},"inLanguage":"sv-SE","potentialAction":[{"@type":"ReadAction","target":["https:\/\/blog.madeleinemeuwessen.nl\/voorbeeld-pagina\/"]}]},{"@type":"BreadcrumbList","@id":"https:\/\/blog.madeleinemeuwessen.nl\/voorbeeld-pagina\/#breadcrumb","itemListElement":[{"@type":"ListItem","position":1,"name":"Home","item":"https:\/\/blog.madeleinemeuwessen.nl\/"},{"@type":"ListItem","position":2,"name":"Voorbeeld pagina"}]},{"@type":"WebSite","@id":"https:\/\/blog.madeleinemeuwessen.nl\/ko\/#website","url":"https:\/\/blog.madeleinemeuwessen.nl\/ko\/","name":"Madeleine Meuwessen","description":"Om man f\u00f6rst\u00e5r livet, f\u00f6rst\u00e5r man inte v\u00e4rlden.","potentialAction":[{"@type":"SearchAction","target":{"@type":"EntryPoint","urlTemplate":"https:\/\/blog.madeleinemeuwessen.nl\/ko\/?s={search_term_string}"},"query-input":{"@type":"PropertyValueSpecification","valueRequired":true,"valueName":"search_term_string"}}],"inLanguage":"sv-SE"}]}},"_links":{"self":[{"href":"https:\/\/blog.madeleinemeuwessen.nl\/sv\/wp-json\/wp\/v2\/pages\/2","targetHints":{"allow":["GET"]}}],"collection":[{"href":"https:\/\/blog.madeleinemeuwessen.nl\/sv\/wp-json\/wp\/v2\/pages"}],"about":[{"href":"https:\/\/blog.madeleinemeuwessen.nl\/sv\/wp-json\/wp\/v2\/types\/page"}],"author":[{"embeddable":true,"href":"https:\/\/blog.madeleinemeuwessen.nl\/sv\/wp-json\/wp\/v2\/users\/4"}],"replies":[{"embeddable":true,"href":"https:\/\/blog.madeleinemeuwessen.nl\/sv\/wp-json\/wp\/v2\/comments?post=2"}],"version-history":[{"count":0,"href":"https:\/\/blog.madeleinemeuwessen.nl\/sv\/wp-json\/wp\/v2\/pages\/2\/revisions"}],"wp:attachment":[{"href":"https:\/\/blog.madeleinemeuwessen.nl\/sv\/wp-json\/wp\/v2\/media?parent=2"}],"curies":[{"name":"wp","href":"https:\/\/api.w.org\/{rel}","templated":true}]}}