
{"id":6,"date":"2016-01-30T22:50:04","date_gmt":"2016-01-30T21:50:04","guid":{"rendered":"https:\/\/blog.madeleinemeuwessen.nl\/?page_id=6"},"modified":"2025-07-23T16:56:32","modified_gmt":"2025-07-23T15:56:32","slug":"contacto","status":"publish","type":"page","link":"https:\/\/blog.madeleinemeuwessen.nl\/pt\/contact\/","title":{"rendered":"Contacto"},"content":{"rendered":"<h2>Fa\u00e7a a sua pergunta \u00e0 Madeleine<\/h2>\n<p><strong>Contacto:<\/strong> info@madeleinemeuwessen.nl<\/p>\n<p><strong>Internet:<\/strong> <a href=\"https:\/\/www.madeleinemeuwessen.nl\" target=\"_blank\" rel=\"noopener noreferrer\">www.madeleinemeuwessen.nl<\/a><\/p>","protected":false},"excerpt":{"rendered":"<p>Fa\u00e7a a sua pergunta \u00e0 Madeleine Contacto: info@madeleinemeuwessen.nl Internet: www.madeleinemeuwessen.nl<\/p>","protected":false},"author":4,"featured_media":0,"parent":0,"menu_order":0,"comment_status":"closed","ping_status":"closed","template":"","meta":{"footnotes":""},"class_list":["post-6","page","type-page","status-publish","hentry"],"yoast_head":"<!-- This site is optimized with the Yoast SEO plugin v27.3 - https:\/\/yoast.com\/product\/yoast-seo-wordpress\/ -->\n<title>Contact - Madeleine Meuwessen<\/title>\n<meta name=\"description\" content=\"Bloesem remedies, Star Remedies of Bach remedies, heb je vragen stel ze aan Madeleine. Of neem contact op met Madeleine Meuwessen.\" \/>\n<meta name=\"robots\" content=\"index, follow, max-snippet:-1, max-image-preview:large, max-video-preview:-1\" \/>\n<link rel=\"canonical\" href=\"https:\/\/blog.madeleinemeuwessen.nl\/pt\/contacto\/\" \/>\n<meta property=\"og:locale\" content=\"pt_PT\" \/>\n<meta property=\"og:type\" content=\"article\" \/>\n<meta property=\"og:title\" content=\"Contact - Madeleine Meuwessen\" \/>\n<meta property=\"og:description\" content=\"Bloesem remedies, Star Remedies of Bach remedies, heb je vragen stel ze aan Madeleine. Of neem contact op met Madeleine Meuwessen.\" \/>\n<meta property=\"og:url\" content=\"https:\/\/blog.madeleinemeuwessen.nl\/pt\/contacto\/\" \/>\n<meta property=\"og:site_name\" content=\"Madeleine Meuwessen\" \/>\n<meta property=\"article:modified_time\" content=\"2025-07-23T15:56:32+00:00\" \/>\n<meta name=\"twitter:card\" content=\"summary_large_image\" \/>\n<meta name=\"twitter:label1\" content=\"Tempo estimado de leitura\" \/>\n\t<meta name=\"twitter:data1\" content=\"1 minuto\" \/>\n<script type=\"application\/ld+json\" class=\"yoast-schema-graph\">{\"@context\":\"https:\\\/\\\/schema.org\",\"@graph\":[{\"@type\":\"WebPage\",\"@id\":\"https:\\\/\\\/blog.madeleinemeuwessen.nl\\\/contact\\\/\",\"url\":\"https:\\\/\\\/blog.madeleinemeuwessen.nl\\\/contact\\\/\",\"name\":\"Contact - Madeleine Meuwessen\",\"isPartOf\":{\"@id\":\"https:\\\/\\\/blog.madeleinemeuwessen.nl\\\/ko\\\/#website\"},\"datePublished\":\"2016-01-30T21:50:04+00:00\",\"dateModified\":\"2025-07-23T15:56:32+00:00\",\"description\":\"Bloesem remedies, Star Remedies of Bach remedies, heb je vragen stel ze aan Madeleine. Of neem contact op met Madeleine Meuwessen.\",\"breadcrumb\":{\"@id\":\"https:\\\/\\\/blog.madeleinemeuwessen.nl\\\/contact\\\/#breadcrumb\"},\"inLanguage\":\"pt-PT\",\"potentialAction\":[{\"@type\":\"ReadAction\",\"target\":[\"https:\\\/\\\/blog.madeleinemeuwessen.nl\\\/contact\\\/\"]}]},{\"@type\":\"BreadcrumbList\",\"@id\":\"https:\\\/\\\/blog.madeleinemeuwessen.nl\\\/contact\\\/#breadcrumb\",\"itemListElement\":[{\"@type\":\"ListItem\",\"position\":1,\"name\":\"Home\",\"item\":\"https:\\\/\\\/blog.madeleinemeuwessen.nl\\\/\"},{\"@type\":\"ListItem\",\"position\":2,\"name\":\"Contact\"}]},{\"@type\":\"WebSite\",\"@id\":\"https:\\\/\\\/blog.madeleinemeuwessen.nl\\\/ko\\\/#website\",\"url\":\"https:\\\/\\\/blog.madeleinemeuwessen.nl\\\/ko\\\/\",\"name\":\"Madeleine Meuwessen\",\"description\":\"Als je het leven snapt, begrijp je de wereld niet.\",\"potentialAction\":[{\"@type\":\"SearchAction\",\"target\":{\"@type\":\"EntryPoint\",\"urlTemplate\":\"https:\\\/\\\/blog.madeleinemeuwessen.nl\\\/ko\\\/?s={search_term_string}\"},\"query-input\":{\"@type\":\"PropertyValueSpecification\",\"valueRequired\":true,\"valueName\":\"search_term_string\"}}],\"inLanguage\":\"pt-PT\"}]}<\/script>\n<!-- \/ Yoast SEO plugin. -->","yoast_head_json":{"title":"Contacto - Madeleine Meuwessen","description":"Rem\u00e9dios Blossom, Star Remedies ou rem\u00e9dios de Bach, se tiver alguma d\u00favida pergunte \u00e0 Madeleine. Ou contacte Madeleine Meuwessen.","robots":{"index":"index","follow":"follow","max-snippet":"max-snippet:-1","max-image-preview":"max-image-preview:large","max-video-preview":"max-video-preview:-1"},"canonical":"https:\/\/blog.madeleinemeuwessen.nl\/pt\/contacto\/","og_locale":"pt_PT","og_type":"article","og_title":"Contact - Madeleine Meuwessen","og_description":"Bloesem remedies, Star Remedies of Bach remedies, heb je vragen stel ze aan Madeleine. Of neem contact op met Madeleine Meuwessen.","og_url":"https:\/\/blog.madeleinemeuwessen.nl\/pt\/contacto\/","og_site_name":"Madeleine Meuwessen","article_modified_time":"2025-07-23T15:56:32+00:00","twitter_card":"summary_large_image","twitter_misc":{"Tempo estimado de leitura":"1 minuto"},"schema":{"@context":"https:\/\/schema.org","@graph":[{"@type":"WebPage","@id":"https:\/\/blog.madeleinemeuwessen.nl\/contact\/","url":"https:\/\/blog.madeleinemeuwessen.nl\/contact\/","name":"Contacto - Madeleine Meuwessen","isPartOf":{"@id":"https:\/\/blog.madeleinemeuwessen.nl\/ko\/#website"},"datePublished":"2016-01-30T21:50:04+00:00","dateModified":"2025-07-23T15:56:32+00:00","description":"Rem\u00e9dios Blossom, Star Remedies ou rem\u00e9dios de Bach, se tiver alguma d\u00favida pergunte \u00e0 Madeleine. Ou contacte Madeleine Meuwessen.","breadcrumb":{"@id":"https:\/\/blog.madeleinemeuwessen.nl\/contact\/#breadcrumb"},"inLanguage":"pt-PT","potentialAction":[{"@type":"ReadAction","target":["https:\/\/blog.madeleinemeuwessen.nl\/contact\/"]}]},{"@type":"BreadcrumbList","@id":"https:\/\/blog.madeleinemeuwessen.nl\/contact\/#breadcrumb","itemListElement":[{"@type":"ListItem","position":1,"name":"Home","item":"https:\/\/blog.madeleinemeuwessen.nl\/"},{"@type":"ListItem","position":2,"name":"Contact"}]},{"@type":"WebSite","@id":"https:\/\/blog.madeleinemeuwessen.nl\/ko\/#website","url":"https:\/\/blog.madeleinemeuwessen.nl\/ko\/","name":"Madeleine Meuwessen","description":"Se compreenderes a vida, n\u00e3o compreendes o mundo.","potentialAction":[{"@type":"SearchAction","target":{"@type":"EntryPoint","urlTemplate":"https:\/\/blog.madeleinemeuwessen.nl\/ko\/?s={search_term_string}"},"query-input":{"@type":"PropertyValueSpecification","valueRequired":true,"valueName":"search_term_string"}}],"inLanguage":"pt-PT"}]}},"_links":{"self":[{"href":"https:\/\/blog.madeleinemeuwessen.nl\/pt\/wp-json\/wp\/v2\/pages\/6","targetHints":{"allow":["GET"]}}],"collection":[{"href":"https:\/\/blog.madeleinemeuwessen.nl\/pt\/wp-json\/wp\/v2\/pages"}],"about":[{"href":"https:\/\/blog.madeleinemeuwessen.nl\/pt\/wp-json\/wp\/v2\/types\/page"}],"author":[{"embeddable":true,"href":"https:\/\/blog.madeleinemeuwessen.nl\/pt\/wp-json\/wp\/v2\/users\/4"}],"replies":[{"embeddable":true,"href":"https:\/\/blog.madeleinemeuwessen.nl\/pt\/wp-json\/wp\/v2\/comments?post=6"}],"version-history":[{"count":6,"href":"https:\/\/blog.madeleinemeuwessen.nl\/pt\/wp-json\/wp\/v2\/pages\/6\/revisions"}],"predecessor-version":[{"id":1745,"href":"https:\/\/blog.madeleinemeuwessen.nl\/pt\/wp-json\/wp\/v2\/pages\/6\/revisions\/1745"}],"wp:attachment":[{"href":"https:\/\/blog.madeleinemeuwessen.nl\/pt\/wp-json\/wp\/v2\/media?parent=6"}],"curies":[{"name":"wp","href":"https:\/\/api.w.org\/{rel}","templated":true}]}}