
{"id":2,"date":"2016-01-30T22:45:33","date_gmt":"2016-01-30T21:45:33","guid":{"rendered":"https:\/\/blog.madeleinemeuwessen.nl\/?page_id=2"},"modified":"2016-01-30T22:45:33","modified_gmt":"2016-01-30T21:45:33","slug":"voorbeeld-pagina","status":"publish","type":"page","link":"https:\/\/blog.madeleinemeuwessen.nl\/pt\/voorbeeld-pagina\/","title":{"rendered":"P\u00e1gina de exemplo"},"content":{"rendered":"<p>Esta \u00e9 uma p\u00e1gina de exemplo. \u00c9 diferente de um post porque tem uma localiza\u00e7\u00e3o fixa e \u00e9 apresentada na navega\u00e7\u00e3o do s\u00edtio (na maioria dos temas). A maioria dos utilizadores come\u00e7a com uma p\u00e1gina Sobre mim para se apresentar aos potenciais visitantes. Por exemplo:<\/p>\n<blockquote><p>Ol\u00e1, durante o dia sou carteiro, mas \u00e0 noite estou a desenvolver-me como ator. Este \u00e9 o meu blogue. Vivo em Hilversum, juntamente com Vlekkie, o meu fiel amigo de quatro patas. Adoro cocktails e, de vez em quando, um duche de ver\u00e3o na cabe\u00e7a.<\/p><\/blockquote>\n<p>...ou algo do g\u00e9nero:<\/p>\n<blockquote><p>A XYZ Dingetjes BV tem vindo a fornecer in\u00fameras pingas de alta qualidade a um vasto p\u00fablico desde 1971. Sediada em Bolsward, a XYZ tem cerca de 2.000 empregados e faz todo o tipo de coisas fant\u00e1sticas para a comunidade fr\u00edsia.<\/p><\/blockquote>\n<p>Como novo utilizador do WordPress, pode ir a <a href=\"https:\/\/blog.madeleinemeuwessen.nl\/wp-admin\/\">o painel de controlo<\/a> v\u00e1 para apagar esta p\u00e1gina de exemplo e criar novas p\u00e1ginas para o seu s\u00edtio. Divirta-se!<\/p>","protected":false},"excerpt":{"rendered":"<p>Dit is een voorbeeldpagina. Het verschilt van een bericht omdat het een vaste plek heeft en in de sitenavigatie getoond wordt (in de meeste thema&#8217;s). De meeste gebruikers beginnen met een Over mij pagina om zich voor te stellen aan potenti&#235;le bezoekers. Bijvoorbeeld: Hallo! Overdag ben ik postbode, maar &#8217;s avonds timmer ik aan de [&#8230;]\n","protected":false},"author":4,"featured_media":0,"parent":0,"menu_order":0,"comment_status":"closed","ping_status":"open","template":"","meta":{"footnotes":""},"class_list":["post-2","page","type-page","status-publish","hentry"],"yoast_head":"<!-- This site is optimized with the Yoast SEO plugin v27.3 - https:\/\/yoast.com\/product\/yoast-seo-wordpress\/ -->\n<title>Voorbeeld pagina - Madeleine Meuwessen<\/title>\n<meta name=\"robots\" content=\"index, follow, max-snippet:-1, max-image-preview:large, max-video-preview:-1\" \/>\n<link rel=\"canonical\" href=\"https:\/\/blog.madeleinemeuwessen.nl\/pt\/voorbeeld-pagina\/\" \/>\n<meta property=\"og:locale\" content=\"pt_PT\" \/>\n<meta property=\"og:type\" content=\"article\" \/>\n<meta property=\"og:title\" content=\"Voorbeeld pagina - Madeleine Meuwessen\" \/>\n<meta property=\"og:description\" content=\"Dit is een voorbeeldpagina. Het verschilt van een bericht omdat het een vaste plek heeft en in de sitenavigatie getoond wordt (in de meeste thema&#8217;s). De meeste gebruikers beginnen met een Over mij pagina om zich voor te stellen aan potenti&#235;le bezoekers. Bijvoorbeeld: Hallo! Overdag ben ik postbode, maar &#8217;s avonds timmer ik aan de [...]\" \/>\n<meta property=\"og:url\" content=\"https:\/\/blog.madeleinemeuwessen.nl\/pt\/voorbeeld-pagina\/\" \/>\n<meta property=\"og:site_name\" content=\"Madeleine Meuwessen\" \/>\n<meta name=\"twitter:card\" content=\"summary_large_image\" \/>\n<meta name=\"twitter:label1\" content=\"Tempo estimado de leitura\" \/>\n\t<meta name=\"twitter:data1\" content=\"1 minuto\" \/>\n<script type=\"application\/ld+json\" class=\"yoast-schema-graph\">{\"@context\":\"https:\\\/\\\/schema.org\",\"@graph\":[{\"@type\":\"WebPage\",\"@id\":\"https:\\\/\\\/blog.madeleinemeuwessen.nl\\\/voorbeeld-pagina\\\/\",\"url\":\"https:\\\/\\\/blog.madeleinemeuwessen.nl\\\/voorbeeld-pagina\\\/\",\"name\":\"Voorbeeld pagina - Madeleine Meuwessen\",\"isPartOf\":{\"@id\":\"https:\\\/\\\/blog.madeleinemeuwessen.nl\\\/ko\\\/#website\"},\"datePublished\":\"2016-01-30T21:45:33+00:00\",\"breadcrumb\":{\"@id\":\"https:\\\/\\\/blog.madeleinemeuwessen.nl\\\/voorbeeld-pagina\\\/#breadcrumb\"},\"inLanguage\":\"pt-PT\",\"potentialAction\":[{\"@type\":\"ReadAction\",\"target\":[\"https:\\\/\\\/blog.madeleinemeuwessen.nl\\\/voorbeeld-pagina\\\/\"]}]},{\"@type\":\"BreadcrumbList\",\"@id\":\"https:\\\/\\\/blog.madeleinemeuwessen.nl\\\/voorbeeld-pagina\\\/#breadcrumb\",\"itemListElement\":[{\"@type\":\"ListItem\",\"position\":1,\"name\":\"Home\",\"item\":\"https:\\\/\\\/blog.madeleinemeuwessen.nl\\\/\"},{\"@type\":\"ListItem\",\"position\":2,\"name\":\"Voorbeeld pagina\"}]},{\"@type\":\"WebSite\",\"@id\":\"https:\\\/\\\/blog.madeleinemeuwessen.nl\\\/ko\\\/#website\",\"url\":\"https:\\\/\\\/blog.madeleinemeuwessen.nl\\\/ko\\\/\",\"name\":\"Madeleine Meuwessen\",\"description\":\"Als je het leven snapt, begrijp je de wereld niet.\",\"potentialAction\":[{\"@type\":\"SearchAction\",\"target\":{\"@type\":\"EntryPoint\",\"urlTemplate\":\"https:\\\/\\\/blog.madeleinemeuwessen.nl\\\/ko\\\/?s={search_term_string}\"},\"query-input\":{\"@type\":\"PropertyValueSpecification\",\"valueRequired\":true,\"valueName\":\"search_term_string\"}}],\"inLanguage\":\"pt-PT\"}]}<\/script>\n<!-- \/ Yoast SEO plugin. -->","yoast_head_json":{"title":"P\u00e1gina de amostragem - Madeleine Meuwessen","robots":{"index":"index","follow":"follow","max-snippet":"max-snippet:-1","max-image-preview":"max-image-preview:large","max-video-preview":"max-video-preview:-1"},"canonical":"https:\/\/blog.madeleinemeuwessen.nl\/pt\/voorbeeld-pagina\/","og_locale":"pt_PT","og_type":"article","og_title":"Voorbeeld pagina - Madeleine Meuwessen","og_description":"Dit is een voorbeeldpagina. Het verschilt van een bericht omdat het een vaste plek heeft en in de sitenavigatie getoond wordt (in de meeste thema&#8217;s). De meeste gebruikers beginnen met een Over mij pagina om zich voor te stellen aan potenti&#235;le bezoekers. Bijvoorbeeld: Hallo! Overdag ben ik postbode, maar &#8217;s avonds timmer ik aan de [...]","og_url":"https:\/\/blog.madeleinemeuwessen.nl\/pt\/voorbeeld-pagina\/","og_site_name":"Madeleine Meuwessen","twitter_card":"summary_large_image","twitter_misc":{"Tempo estimado de leitura":"1 minuto"},"schema":{"@context":"https:\/\/schema.org","@graph":[{"@type":"WebPage","@id":"https:\/\/blog.madeleinemeuwessen.nl\/voorbeeld-pagina\/","url":"https:\/\/blog.madeleinemeuwessen.nl\/voorbeeld-pagina\/","name":"P\u00e1gina de amostragem - Madeleine Meuwessen","isPartOf":{"@id":"https:\/\/blog.madeleinemeuwessen.nl\/ko\/#website"},"datePublished":"2016-01-30T21:45:33+00:00","breadcrumb":{"@id":"https:\/\/blog.madeleinemeuwessen.nl\/voorbeeld-pagina\/#breadcrumb"},"inLanguage":"pt-PT","potentialAction":[{"@type":"ReadAction","target":["https:\/\/blog.madeleinemeuwessen.nl\/voorbeeld-pagina\/"]}]},{"@type":"BreadcrumbList","@id":"https:\/\/blog.madeleinemeuwessen.nl\/voorbeeld-pagina\/#breadcrumb","itemListElement":[{"@type":"ListItem","position":1,"name":"Home","item":"https:\/\/blog.madeleinemeuwessen.nl\/"},{"@type":"ListItem","position":2,"name":"Voorbeeld pagina"}]},{"@type":"WebSite","@id":"https:\/\/blog.madeleinemeuwessen.nl\/ko\/#website","url":"https:\/\/blog.madeleinemeuwessen.nl\/ko\/","name":"Madeleine Meuwessen","description":"Se compreenderes a vida, n\u00e3o compreendes o mundo.","potentialAction":[{"@type":"SearchAction","target":{"@type":"EntryPoint","urlTemplate":"https:\/\/blog.madeleinemeuwessen.nl\/ko\/?s={search_term_string}"},"query-input":{"@type":"PropertyValueSpecification","valueRequired":true,"valueName":"search_term_string"}}],"inLanguage":"pt-PT"}]}},"_links":{"self":[{"href":"https:\/\/blog.madeleinemeuwessen.nl\/pt\/wp-json\/wp\/v2\/pages\/2","targetHints":{"allow":["GET"]}}],"collection":[{"href":"https:\/\/blog.madeleinemeuwessen.nl\/pt\/wp-json\/wp\/v2\/pages"}],"about":[{"href":"https:\/\/blog.madeleinemeuwessen.nl\/pt\/wp-json\/wp\/v2\/types\/page"}],"author":[{"embeddable":true,"href":"https:\/\/blog.madeleinemeuwessen.nl\/pt\/wp-json\/wp\/v2\/users\/4"}],"replies":[{"embeddable":true,"href":"https:\/\/blog.madeleinemeuwessen.nl\/pt\/wp-json\/wp\/v2\/comments?post=2"}],"version-history":[{"count":0,"href":"https:\/\/blog.madeleinemeuwessen.nl\/pt\/wp-json\/wp\/v2\/pages\/2\/revisions"}],"wp:attachment":[{"href":"https:\/\/blog.madeleinemeuwessen.nl\/pt\/wp-json\/wp\/v2\/media?parent=2"}],"curies":[{"name":"wp","href":"https:\/\/api.w.org\/{rel}","templated":true}]}}