
{"id":2,"date":"2016-01-30T22:45:33","date_gmt":"2016-01-30T21:45:33","guid":{"rendered":"https:\/\/blog.madeleinemeuwessen.nl\/?page_id=2"},"modified":"2016-01-30T22:45:33","modified_gmt":"2016-01-30T21:45:33","slug":"voorbeeld-pagina","status":"publish","type":"page","link":"https:\/\/blog.madeleinemeuwessen.nl\/fr\/voorbeeld-pagina\/","title":{"rendered":"Exemple de page"},"content":{"rendered":"<p>Il s'agit d'un exemple de page. Elle diff\u00e8re d'un article parce qu'elle a un emplacement fixe et qu'elle est affich\u00e9e dans la navigation du site (dans la plupart des th\u00e8mes). La plupart des utilisateurs commencent par une page \"\u00c0 propos de moi\" pour se pr\u00e9senter aux visiteurs potentiels. En voici un exemple :<\/p>\n<blockquote><p>Bonjour, le jour, je suis facteur, mais la nuit, je me forme au m\u00e9tier d'acteur. Voici mon blog. J'habite \u00e0 Hilversum avec Vlekkie, mon fid\u00e8le compagnon \u00e0 quatre pattes. J'aime les cocktails et, de temps en temps, une douche d'\u00e9t\u00e9 sur la t\u00eate.<\/p><\/blockquote>\n<p>...ou quelque chose comme \u00e7a :<\/p>\n<blockquote><p>Depuis 1971, XYZ Dingetjes BV fournit d'innombrables dinges de haute qualit\u00e9 \u00e0 un large public. Bas\u00e9e \u00e0 Bolsward, XYZ emploie environ 2 000 personnes et r\u00e9alise toutes sortes de choses int\u00e9ressantes pour la communaut\u00e9 frisonne.<\/p><\/blockquote>\n<p>En tant que nouvel utilisateur de WordPress, vous pouvez vous rendre \u00e0 l'adresse suivante <a href=\"https:\/\/blog.madeleinemeuwessen.nl\/wp-admin\/\">le tableau de bord<\/a> pour supprimer cette page d'exemple et cr\u00e9er de nouvelles pages pour votre site. Amusez-vous bien !<\/p>","protected":false},"excerpt":{"rendered":"<p>Dit is een voorbeeldpagina. Het verschilt van een bericht omdat het een vaste plek heeft en in de sitenavigatie getoond wordt (in de meeste thema&#8217;s). De meeste gebruikers beginnen met een Over mij pagina om zich voor te stellen aan potenti&#235;le bezoekers. Bijvoorbeeld: Hallo! Overdag ben ik postbode, maar &#8217;s avonds timmer ik aan de [&#8230;]\n","protected":false},"author":4,"featured_media":0,"parent":0,"menu_order":0,"comment_status":"closed","ping_status":"open","template":"","meta":{"footnotes":""},"class_list":["post-2","page","type-page","status-publish","hentry"],"yoast_head":"<!-- This site is optimized with the Yoast SEO plugin v27.3 - https:\/\/yoast.com\/product\/yoast-seo-wordpress\/ -->\n<title>Voorbeeld pagina - Madeleine Meuwessen<\/title>\n<meta name=\"robots\" content=\"index, follow, max-snippet:-1, max-image-preview:large, max-video-preview:-1\" \/>\n<link rel=\"canonical\" href=\"https:\/\/blog.madeleinemeuwessen.nl\/fr\/voorbeeld-pagina\/\" \/>\n<meta property=\"og:locale\" content=\"fr_FR\" \/>\n<meta property=\"og:type\" content=\"article\" \/>\n<meta property=\"og:title\" content=\"Voorbeeld pagina - Madeleine Meuwessen\" \/>\n<meta property=\"og:description\" content=\"Dit is een voorbeeldpagina. Het verschilt van een bericht omdat het een vaste plek heeft en in de sitenavigatie getoond wordt (in de meeste thema&#8217;s). De meeste gebruikers beginnen met een Over mij pagina om zich voor te stellen aan potenti&#235;le bezoekers. Bijvoorbeeld: Hallo! Overdag ben ik postbode, maar &#8217;s avonds timmer ik aan de [...]\" \/>\n<meta property=\"og:url\" content=\"https:\/\/blog.madeleinemeuwessen.nl\/fr\/voorbeeld-pagina\/\" \/>\n<meta property=\"og:site_name\" content=\"Madeleine Meuwessen\" \/>\n<meta name=\"twitter:card\" content=\"summary_large_image\" \/>\n<meta name=\"twitter:label1\" content=\"Dur\u00e9e de lecture estim\u00e9e\" \/>\n\t<meta name=\"twitter:data1\" content=\"1 minute\" \/>\n<script type=\"application\/ld+json\" class=\"yoast-schema-graph\">{\"@context\":\"https:\\\/\\\/schema.org\",\"@graph\":[{\"@type\":\"WebPage\",\"@id\":\"https:\\\/\\\/blog.madeleinemeuwessen.nl\\\/voorbeeld-pagina\\\/\",\"url\":\"https:\\\/\\\/blog.madeleinemeuwessen.nl\\\/voorbeeld-pagina\\\/\",\"name\":\"Voorbeeld pagina - Madeleine Meuwessen\",\"isPartOf\":{\"@id\":\"https:\\\/\\\/blog.madeleinemeuwessen.nl\\\/ko\\\/#website\"},\"datePublished\":\"2016-01-30T21:45:33+00:00\",\"breadcrumb\":{\"@id\":\"https:\\\/\\\/blog.madeleinemeuwessen.nl\\\/voorbeeld-pagina\\\/#breadcrumb\"},\"inLanguage\":\"fr-FR\",\"potentialAction\":[{\"@type\":\"ReadAction\",\"target\":[\"https:\\\/\\\/blog.madeleinemeuwessen.nl\\\/voorbeeld-pagina\\\/\"]}]},{\"@type\":\"BreadcrumbList\",\"@id\":\"https:\\\/\\\/blog.madeleinemeuwessen.nl\\\/voorbeeld-pagina\\\/#breadcrumb\",\"itemListElement\":[{\"@type\":\"ListItem\",\"position\":1,\"name\":\"Home\",\"item\":\"https:\\\/\\\/blog.madeleinemeuwessen.nl\\\/\"},{\"@type\":\"ListItem\",\"position\":2,\"name\":\"Voorbeeld pagina\"}]},{\"@type\":\"WebSite\",\"@id\":\"https:\\\/\\\/blog.madeleinemeuwessen.nl\\\/ko\\\/#website\",\"url\":\"https:\\\/\\\/blog.madeleinemeuwessen.nl\\\/ko\\\/\",\"name\":\"Madeleine Meuwessen\",\"description\":\"Als je het leven snapt, begrijp je de wereld niet.\",\"potentialAction\":[{\"@type\":\"SearchAction\",\"target\":{\"@type\":\"EntryPoint\",\"urlTemplate\":\"https:\\\/\\\/blog.madeleinemeuwessen.nl\\\/ko\\\/?s={search_term_string}\"},\"query-input\":{\"@type\":\"PropertyValueSpecification\",\"valueRequired\":true,\"valueName\":\"search_term_string\"}}],\"inLanguage\":\"fr-FR\"}]}<\/script>\n<!-- \/ Yoast SEO plugin. -->","yoast_head_json":{"title":"Exemple de page - Madeleine Meuwessen","robots":{"index":"index","follow":"follow","max-snippet":"max-snippet:-1","max-image-preview":"max-image-preview:large","max-video-preview":"max-video-preview:-1"},"canonical":"https:\/\/blog.madeleinemeuwessen.nl\/fr\/voorbeeld-pagina\/","og_locale":"fr_FR","og_type":"article","og_title":"Voorbeeld pagina - Madeleine Meuwessen","og_description":"Dit is een voorbeeldpagina. Het verschilt van een bericht omdat het een vaste plek heeft en in de sitenavigatie getoond wordt (in de meeste thema&#8217;s). De meeste gebruikers beginnen met een Over mij pagina om zich voor te stellen aan potenti&#235;le bezoekers. Bijvoorbeeld: Hallo! Overdag ben ik postbode, maar &#8217;s avonds timmer ik aan de [...]","og_url":"https:\/\/blog.madeleinemeuwessen.nl\/fr\/voorbeeld-pagina\/","og_site_name":"Madeleine Meuwessen","twitter_card":"summary_large_image","twitter_misc":{"Dur\u00e9e de lecture estim\u00e9e":"1 minute"},"schema":{"@context":"https:\/\/schema.org","@graph":[{"@type":"WebPage","@id":"https:\/\/blog.madeleinemeuwessen.nl\/voorbeeld-pagina\/","url":"https:\/\/blog.madeleinemeuwessen.nl\/voorbeeld-pagina\/","name":"Exemple de page - Madeleine Meuwessen","isPartOf":{"@id":"https:\/\/blog.madeleinemeuwessen.nl\/ko\/#website"},"datePublished":"2016-01-30T21:45:33+00:00","breadcrumb":{"@id":"https:\/\/blog.madeleinemeuwessen.nl\/voorbeeld-pagina\/#breadcrumb"},"inLanguage":"fr-FR","potentialAction":[{"@type":"ReadAction","target":["https:\/\/blog.madeleinemeuwessen.nl\/voorbeeld-pagina\/"]}]},{"@type":"BreadcrumbList","@id":"https:\/\/blog.madeleinemeuwessen.nl\/voorbeeld-pagina\/#breadcrumb","itemListElement":[{"@type":"ListItem","position":1,"name":"Home","item":"https:\/\/blog.madeleinemeuwessen.nl\/"},{"@type":"ListItem","position":2,"name":"Voorbeeld pagina"}]},{"@type":"WebSite","@id":"https:\/\/blog.madeleinemeuwessen.nl\/ko\/#website","url":"https:\/\/blog.madeleinemeuwessen.nl\/ko\/","name":"Madeleine Meuwessen","description":"Si vous comprenez la vie, vous ne comprenez pas le monde.","potentialAction":[{"@type":"SearchAction","target":{"@type":"EntryPoint","urlTemplate":"https:\/\/blog.madeleinemeuwessen.nl\/ko\/?s={search_term_string}"},"query-input":{"@type":"PropertyValueSpecification","valueRequired":true,"valueName":"search_term_string"}}],"inLanguage":"fr-FR"}]}},"_links":{"self":[{"href":"https:\/\/blog.madeleinemeuwessen.nl\/fr\/wp-json\/wp\/v2\/pages\/2","targetHints":{"allow":["GET"]}}],"collection":[{"href":"https:\/\/blog.madeleinemeuwessen.nl\/fr\/wp-json\/wp\/v2\/pages"}],"about":[{"href":"https:\/\/blog.madeleinemeuwessen.nl\/fr\/wp-json\/wp\/v2\/types\/page"}],"author":[{"embeddable":true,"href":"https:\/\/blog.madeleinemeuwessen.nl\/fr\/wp-json\/wp\/v2\/users\/4"}],"replies":[{"embeddable":true,"href":"https:\/\/blog.madeleinemeuwessen.nl\/fr\/wp-json\/wp\/v2\/comments?post=2"}],"version-history":[{"count":0,"href":"https:\/\/blog.madeleinemeuwessen.nl\/fr\/wp-json\/wp\/v2\/pages\/2\/revisions"}],"wp:attachment":[{"href":"https:\/\/blog.madeleinemeuwessen.nl\/fr\/wp-json\/wp\/v2\/media?parent=2"}],"curies":[{"name":"wp","href":"https:\/\/api.w.org\/{rel}","templated":true}]}}