
{"id":2,"date":"2016-01-30T22:45:33","date_gmt":"2016-01-30T21:45:33","guid":{"rendered":"https:\/\/blog.madeleinemeuwessen.nl\/?page_id=2"},"modified":"2016-01-30T22:45:33","modified_gmt":"2016-01-30T21:45:33","slug":"voorbeeld-pagina","status":"publish","type":"page","link":"https:\/\/blog.madeleinemeuwessen.nl\/es\/voorbeeld-pagina\/","title":{"rendered":"P\u00e1gina de ejemplo"},"content":{"rendered":"<p>Esta es una p\u00e1gina de ejemplo. Se diferencia de un post porque tiene una ubicaci\u00f3n fija y se muestra en la navegaci\u00f3n del sitio (en la mayor\u00eda de los temas). La mayor\u00eda de los usuarios comienzan con una p\u00e1gina Acerca de m\u00ed para presentarse a los visitantes potenciales. Por ejemplo:<\/p>\n<blockquote><p>Hola, de d\u00eda soy cartero, pero de noche me estoy forjando como actor. Este es mi blog. Vivo en Hilversum, junto con Vlekkie, mi fiel amigo de cuatro patas. Me encantan los c\u00f3cteles y, de vez en cuando, una ducha de verano en la cabeza.<\/p><\/blockquote>\n<p>...o algo as\u00ed:<\/p>\n<blockquote><p>XYZ Dingetjes BV lleva desde 1971 suministrando innumerables dinges de alta calidad a un amplio p\u00fablico. Con sede en Bolsward, XYZ cuenta con unos 2.000 empleados y hace todo tipo de grandes cosas por la comunidad frisona.<\/p><\/blockquote>\n<p>Como nuevo usuario de WordPress, puede ir a <a href=\"https:\/\/blog.madeleinemeuwessen.nl\/wp-admin\/\">el salpicadero<\/a> ir a eliminar esta p\u00e1gina de ejemplo y crear nuevas p\u00e1ginas para su sitio. \u00a1Divi\u00e9rtete!<\/p>","protected":false},"excerpt":{"rendered":"<p>Dit is een voorbeeldpagina. Het verschilt van een bericht omdat het een vaste plek heeft en in de sitenavigatie getoond wordt (in de meeste thema&#8217;s). De meeste gebruikers beginnen met een Over mij pagina om zich voor te stellen aan potenti&#235;le bezoekers. Bijvoorbeeld: Hallo! Overdag ben ik postbode, maar &#8217;s avonds timmer ik aan de [&#8230;]\n","protected":false},"author":4,"featured_media":0,"parent":0,"menu_order":0,"comment_status":"closed","ping_status":"open","template":"","meta":{"footnotes":""},"class_list":["post-2","page","type-page","status-publish","hentry"],"yoast_head":"<!-- This site is optimized with the Yoast SEO plugin v27.3 - https:\/\/yoast.com\/product\/yoast-seo-wordpress\/ -->\n<title>Voorbeeld pagina - Madeleine Meuwessen<\/title>\n<meta name=\"robots\" content=\"index, follow, max-snippet:-1, max-image-preview:large, max-video-preview:-1\" \/>\n<link rel=\"canonical\" href=\"https:\/\/blog.madeleinemeuwessen.nl\/es\/voorbeeld-pagina\/\" \/>\n<meta property=\"og:locale\" content=\"es_ES\" \/>\n<meta property=\"og:type\" content=\"article\" \/>\n<meta property=\"og:title\" content=\"Voorbeeld pagina - Madeleine Meuwessen\" \/>\n<meta property=\"og:description\" content=\"Dit is een voorbeeldpagina. Het verschilt van een bericht omdat het een vaste plek heeft en in de sitenavigatie getoond wordt (in de meeste thema&#8217;s). De meeste gebruikers beginnen met een Over mij pagina om zich voor te stellen aan potenti&#235;le bezoekers. Bijvoorbeeld: Hallo! Overdag ben ik postbode, maar &#8217;s avonds timmer ik aan de [...]\" \/>\n<meta property=\"og:url\" content=\"https:\/\/blog.madeleinemeuwessen.nl\/es\/voorbeeld-pagina\/\" \/>\n<meta property=\"og:site_name\" content=\"Madeleine Meuwessen\" \/>\n<meta name=\"twitter:card\" content=\"summary_large_image\" \/>\n<meta name=\"twitter:label1\" content=\"Tiempo de lectura\" \/>\n\t<meta name=\"twitter:data1\" content=\"1 minuto\" \/>\n<script type=\"application\/ld+json\" class=\"yoast-schema-graph\">{\"@context\":\"https:\\\/\\\/schema.org\",\"@graph\":[{\"@type\":\"WebPage\",\"@id\":\"https:\\\/\\\/blog.madeleinemeuwessen.nl\\\/voorbeeld-pagina\\\/\",\"url\":\"https:\\\/\\\/blog.madeleinemeuwessen.nl\\\/voorbeeld-pagina\\\/\",\"name\":\"Voorbeeld pagina - Madeleine Meuwessen\",\"isPartOf\":{\"@id\":\"https:\\\/\\\/blog.madeleinemeuwessen.nl\\\/ko\\\/#website\"},\"datePublished\":\"2016-01-30T21:45:33+00:00\",\"breadcrumb\":{\"@id\":\"https:\\\/\\\/blog.madeleinemeuwessen.nl\\\/voorbeeld-pagina\\\/#breadcrumb\"},\"inLanguage\":\"es\",\"potentialAction\":[{\"@type\":\"ReadAction\",\"target\":[\"https:\\\/\\\/blog.madeleinemeuwessen.nl\\\/voorbeeld-pagina\\\/\"]}]},{\"@type\":\"BreadcrumbList\",\"@id\":\"https:\\\/\\\/blog.madeleinemeuwessen.nl\\\/voorbeeld-pagina\\\/#breadcrumb\",\"itemListElement\":[{\"@type\":\"ListItem\",\"position\":1,\"name\":\"Home\",\"item\":\"https:\\\/\\\/blog.madeleinemeuwessen.nl\\\/\"},{\"@type\":\"ListItem\",\"position\":2,\"name\":\"Voorbeeld pagina\"}]},{\"@type\":\"WebSite\",\"@id\":\"https:\\\/\\\/blog.madeleinemeuwessen.nl\\\/ko\\\/#website\",\"url\":\"https:\\\/\\\/blog.madeleinemeuwessen.nl\\\/ko\\\/\",\"name\":\"Madeleine Meuwessen\",\"description\":\"Als je het leven snapt, begrijp je de wereld niet.\",\"potentialAction\":[{\"@type\":\"SearchAction\",\"target\":{\"@type\":\"EntryPoint\",\"urlTemplate\":\"https:\\\/\\\/blog.madeleinemeuwessen.nl\\\/ko\\\/?s={search_term_string}\"},\"query-input\":{\"@type\":\"PropertyValueSpecification\",\"valueRequired\":true,\"valueName\":\"search_term_string\"}}],\"inLanguage\":\"es\"}]}<\/script>\n<!-- \/ Yoast SEO plugin. -->","yoast_head_json":{"title":"P\u00e1gina de muestra - Madeleine Meuwessen","robots":{"index":"index","follow":"follow","max-snippet":"max-snippet:-1","max-image-preview":"max-image-preview:large","max-video-preview":"max-video-preview:-1"},"canonical":"https:\/\/blog.madeleinemeuwessen.nl\/es\/voorbeeld-pagina\/","og_locale":"es_ES","og_type":"article","og_title":"Voorbeeld pagina - Madeleine Meuwessen","og_description":"Dit is een voorbeeldpagina. Het verschilt van een bericht omdat het een vaste plek heeft en in de sitenavigatie getoond wordt (in de meeste thema&#8217;s). De meeste gebruikers beginnen met een Over mij pagina om zich voor te stellen aan potenti&#235;le bezoekers. Bijvoorbeeld: Hallo! Overdag ben ik postbode, maar &#8217;s avonds timmer ik aan de [...]","og_url":"https:\/\/blog.madeleinemeuwessen.nl\/es\/voorbeeld-pagina\/","og_site_name":"Madeleine Meuwessen","twitter_card":"summary_large_image","twitter_misc":{"Tiempo de lectura":"1 minuto"},"schema":{"@context":"https:\/\/schema.org","@graph":[{"@type":"WebPage","@id":"https:\/\/blog.madeleinemeuwessen.nl\/voorbeeld-pagina\/","url":"https:\/\/blog.madeleinemeuwessen.nl\/voorbeeld-pagina\/","name":"P\u00e1gina de muestra - Madeleine Meuwessen","isPartOf":{"@id":"https:\/\/blog.madeleinemeuwessen.nl\/ko\/#website"},"datePublished":"2016-01-30T21:45:33+00:00","breadcrumb":{"@id":"https:\/\/blog.madeleinemeuwessen.nl\/voorbeeld-pagina\/#breadcrumb"},"inLanguage":"es","potentialAction":[{"@type":"ReadAction","target":["https:\/\/blog.madeleinemeuwessen.nl\/voorbeeld-pagina\/"]}]},{"@type":"BreadcrumbList","@id":"https:\/\/blog.madeleinemeuwessen.nl\/voorbeeld-pagina\/#breadcrumb","itemListElement":[{"@type":"ListItem","position":1,"name":"Home","item":"https:\/\/blog.madeleinemeuwessen.nl\/"},{"@type":"ListItem","position":2,"name":"Voorbeeld pagina"}]},{"@type":"WebSite","@id":"https:\/\/blog.madeleinemeuwessen.nl\/ko\/#website","url":"https:\/\/blog.madeleinemeuwessen.nl\/ko\/","name":"Madeleine Meuwessen","description":"Si entiendes la vida, no entiendes el mundo.","potentialAction":[{"@type":"SearchAction","target":{"@type":"EntryPoint","urlTemplate":"https:\/\/blog.madeleinemeuwessen.nl\/ko\/?s={search_term_string}"},"query-input":{"@type":"PropertyValueSpecification","valueRequired":true,"valueName":"search_term_string"}}],"inLanguage":"es"}]}},"_links":{"self":[{"href":"https:\/\/blog.madeleinemeuwessen.nl\/es\/wp-json\/wp\/v2\/pages\/2","targetHints":{"allow":["GET"]}}],"collection":[{"href":"https:\/\/blog.madeleinemeuwessen.nl\/es\/wp-json\/wp\/v2\/pages"}],"about":[{"href":"https:\/\/blog.madeleinemeuwessen.nl\/es\/wp-json\/wp\/v2\/types\/page"}],"author":[{"embeddable":true,"href":"https:\/\/blog.madeleinemeuwessen.nl\/es\/wp-json\/wp\/v2\/users\/4"}],"replies":[{"embeddable":true,"href":"https:\/\/blog.madeleinemeuwessen.nl\/es\/wp-json\/wp\/v2\/comments?post=2"}],"version-history":[{"count":0,"href":"https:\/\/blog.madeleinemeuwessen.nl\/es\/wp-json\/wp\/v2\/pages\/2\/revisions"}],"wp:attachment":[{"href":"https:\/\/blog.madeleinemeuwessen.nl\/es\/wp-json\/wp\/v2\/media?parent=2"}],"curies":[{"name":"wp","href":"https:\/\/api.w.org\/{rel}","templated":true}]}}