
{"id":2,"date":"2016-01-30T22:45:33","date_gmt":"2016-01-30T21:45:33","guid":{"rendered":"https:\/\/blog.madeleinemeuwessen.nl\/?page_id=2"},"modified":"2016-01-30T22:45:33","modified_gmt":"2016-01-30T21:45:33","slug":"voorbeeld-pagina","status":"publish","type":"page","link":"https:\/\/blog.madeleinemeuwessen.nl\/da\/voorbeeld-pagina\/","title":{"rendered":"Eksempel p\u00e5 side"},"content":{"rendered":"<p>Dette er en eksempelside. Den adskiller sig fra et indl\u00e6g, fordi den har en fast placering og vises i webstedsnavigationen (i de fleste temaer). De fleste brugere starter med en Om mig-side for at pr\u00e6sentere sig selv for potentielle bes\u00f8gende. Det kan f.eks. v\u00e6re<\/p>\n<blockquote><p>Hej, om dagen er jeg postbud, men om aftenen er jeg i gang med at opbygge en skuespillerkarriere. Dette er min blog. Jeg bor i Hilversum sammen med Vlekkie, min trofaste firbenede ven. Jeg elsker cocktails og af og til en sommerbruser p\u00e5 hovedet.<\/p><\/blockquote>\n<p>... eller noget i den stil:<\/p>\n<blockquote><p>XYZ Dingetjes BV har siden 1971 leveret utallige dinges af h\u00f8j kvalitet til et bredt publikum. Med base i Bolsward har XYZ omkring 2.000 ansatte og g\u00f8r alle mulige gode ting for det frisiske samfund.<\/p><\/blockquote>\n<p>Som ny WordPress-bruger kan du g\u00e5 til <a href=\"https:\/\/blog.madeleinemeuwessen.nl\/wp-admin\/\">instrumentbr\u00e6ttet<\/a> g\u00e5 til at slette denne eksempelside og oprette nye sider til dit websted. God forn\u00f8jelse!<\/p>","protected":false},"excerpt":{"rendered":"<p>Dit is een voorbeeldpagina. Het verschilt van een bericht omdat het een vaste plek heeft en in de sitenavigatie getoond wordt (in de meeste thema&#8217;s). De meeste gebruikers beginnen met een Over mij pagina om zich voor te stellen aan potenti&#235;le bezoekers. Bijvoorbeeld: Hallo! Overdag ben ik postbode, maar &#8217;s avonds timmer ik aan de [&#8230;]\n","protected":false},"author":4,"featured_media":0,"parent":0,"menu_order":0,"comment_status":"closed","ping_status":"open","template":"","meta":{"footnotes":""},"class_list":["post-2","page","type-page","status-publish","hentry"],"yoast_head":"<!-- This site is optimized with the Yoast SEO plugin v27.5 - https:\/\/yoast.com\/product\/yoast-seo-wordpress\/ -->\n<title>Voorbeeld pagina - Madeleine Meuwessen<\/title>\n<meta name=\"robots\" content=\"index, follow, max-snippet:-1, max-image-preview:large, max-video-preview:-1\" \/>\n<link rel=\"canonical\" href=\"https:\/\/blog.madeleinemeuwessen.nl\/da\/voorbeeld-pagina\/\" \/>\n<meta property=\"og:locale\" content=\"da_DK\" \/>\n<meta property=\"og:type\" content=\"article\" \/>\n<meta property=\"og:title\" content=\"Voorbeeld pagina - Madeleine Meuwessen\" \/>\n<meta property=\"og:description\" content=\"Dit is een voorbeeldpagina. Het verschilt van een bericht omdat het een vaste plek heeft en in de sitenavigatie getoond wordt (in de meeste thema&#8217;s). De meeste gebruikers beginnen met een Over mij pagina om zich voor te stellen aan potenti&#235;le bezoekers. Bijvoorbeeld: Hallo! Overdag ben ik postbode, maar &#8217;s avonds timmer ik aan de [...]\" \/>\n<meta property=\"og:url\" content=\"https:\/\/blog.madeleinemeuwessen.nl\/da\/voorbeeld-pagina\/\" \/>\n<meta property=\"og:site_name\" content=\"Madeleine Meuwessen\" \/>\n<meta name=\"twitter:card\" content=\"summary_large_image\" \/>\n<meta name=\"twitter:label1\" content=\"Estimeret l\u00e6setid\" \/>\n\t<meta name=\"twitter:data1\" content=\"1 minut\" \/>\n<script type=\"application\/ld+json\" class=\"yoast-schema-graph\">{\"@context\":\"https:\\\/\\\/schema.org\",\"@graph\":[{\"@type\":\"WebPage\",\"@id\":\"https:\\\/\\\/blog.madeleinemeuwessen.nl\\\/voorbeeld-pagina\\\/\",\"url\":\"https:\\\/\\\/blog.madeleinemeuwessen.nl\\\/voorbeeld-pagina\\\/\",\"name\":\"Voorbeeld pagina - Madeleine Meuwessen\",\"isPartOf\":{\"@id\":\"https:\\\/\\\/blog.madeleinemeuwessen.nl\\\/ko\\\/#website\"},\"datePublished\":\"2016-01-30T21:45:33+00:00\",\"breadcrumb\":{\"@id\":\"https:\\\/\\\/blog.madeleinemeuwessen.nl\\\/voorbeeld-pagina\\\/#breadcrumb\"},\"inLanguage\":\"da-DK\",\"potentialAction\":[{\"@type\":\"ReadAction\",\"target\":[\"https:\\\/\\\/blog.madeleinemeuwessen.nl\\\/voorbeeld-pagina\\\/\"]}]},{\"@type\":\"BreadcrumbList\",\"@id\":\"https:\\\/\\\/blog.madeleinemeuwessen.nl\\\/voorbeeld-pagina\\\/#breadcrumb\",\"itemListElement\":[{\"@type\":\"ListItem\",\"position\":1,\"name\":\"Home\",\"item\":\"https:\\\/\\\/blog.madeleinemeuwessen.nl\\\/\"},{\"@type\":\"ListItem\",\"position\":2,\"name\":\"Voorbeeld pagina\"}]},{\"@type\":\"WebSite\",\"@id\":\"https:\\\/\\\/blog.madeleinemeuwessen.nl\\\/ko\\\/#website\",\"url\":\"https:\\\/\\\/blog.madeleinemeuwessen.nl\\\/ko\\\/\",\"name\":\"Madeleine Meuwessen\",\"description\":\"Als je het leven snapt, begrijp je de wereld niet.\",\"potentialAction\":[{\"@type\":\"SearchAction\",\"target\":{\"@type\":\"EntryPoint\",\"urlTemplate\":\"https:\\\/\\\/blog.madeleinemeuwessen.nl\\\/ko\\\/?s={search_term_string}\"},\"query-input\":{\"@type\":\"PropertyValueSpecification\",\"valueRequired\":true,\"valueName\":\"search_term_string\"}}],\"inLanguage\":\"da-DK\"}]}<\/script>\n<!-- \/ Yoast SEO plugin. -->","yoast_head_json":{"title":"Eksempel p\u00e5 side - Madeleine Meuwessen","robots":{"index":"index","follow":"follow","max-snippet":"max-snippet:-1","max-image-preview":"max-image-preview:large","max-video-preview":"max-video-preview:-1"},"canonical":"https:\/\/blog.madeleinemeuwessen.nl\/da\/voorbeeld-pagina\/","og_locale":"da_DK","og_type":"article","og_title":"Voorbeeld pagina - Madeleine Meuwessen","og_description":"Dit is een voorbeeldpagina. Het verschilt van een bericht omdat het een vaste plek heeft en in de sitenavigatie getoond wordt (in de meeste thema&#8217;s). De meeste gebruikers beginnen met een Over mij pagina om zich voor te stellen aan potenti&#235;le bezoekers. Bijvoorbeeld: Hallo! Overdag ben ik postbode, maar &#8217;s avonds timmer ik aan de [...]","og_url":"https:\/\/blog.madeleinemeuwessen.nl\/da\/voorbeeld-pagina\/","og_site_name":"Madeleine Meuwessen","twitter_card":"summary_large_image","twitter_misc":{"Estimeret l\u00e6setid":"1 minut"},"schema":{"@context":"https:\/\/schema.org","@graph":[{"@type":"WebPage","@id":"https:\/\/blog.madeleinemeuwessen.nl\/voorbeeld-pagina\/","url":"https:\/\/blog.madeleinemeuwessen.nl\/voorbeeld-pagina\/","name":"Eksempel p\u00e5 side - Madeleine Meuwessen","isPartOf":{"@id":"https:\/\/blog.madeleinemeuwessen.nl\/ko\/#website"},"datePublished":"2016-01-30T21:45:33+00:00","breadcrumb":{"@id":"https:\/\/blog.madeleinemeuwessen.nl\/voorbeeld-pagina\/#breadcrumb"},"inLanguage":"da-DK","potentialAction":[{"@type":"ReadAction","target":["https:\/\/blog.madeleinemeuwessen.nl\/voorbeeld-pagina\/"]}]},{"@type":"BreadcrumbList","@id":"https:\/\/blog.madeleinemeuwessen.nl\/voorbeeld-pagina\/#breadcrumb","itemListElement":[{"@type":"ListItem","position":1,"name":"Home","item":"https:\/\/blog.madeleinemeuwessen.nl\/"},{"@type":"ListItem","position":2,"name":"Voorbeeld pagina"}]},{"@type":"WebSite","@id":"https:\/\/blog.madeleinemeuwessen.nl\/ko\/#website","url":"https:\/\/blog.madeleinemeuwessen.nl\/ko\/","name":"Madeleine Meuwessen","description":"Hvis du forst\u00e5r livet, forst\u00e5r du ikke verden.","potentialAction":[{"@type":"SearchAction","target":{"@type":"EntryPoint","urlTemplate":"https:\/\/blog.madeleinemeuwessen.nl\/ko\/?s={search_term_string}"},"query-input":{"@type":"PropertyValueSpecification","valueRequired":true,"valueName":"search_term_string"}}],"inLanguage":"da-DK"}]}},"_links":{"self":[{"href":"https:\/\/blog.madeleinemeuwessen.nl\/da\/wp-json\/wp\/v2\/pages\/2","targetHints":{"allow":["GET"]}}],"collection":[{"href":"https:\/\/blog.madeleinemeuwessen.nl\/da\/wp-json\/wp\/v2\/pages"}],"about":[{"href":"https:\/\/blog.madeleinemeuwessen.nl\/da\/wp-json\/wp\/v2\/types\/page"}],"author":[{"embeddable":true,"href":"https:\/\/blog.madeleinemeuwessen.nl\/da\/wp-json\/wp\/v2\/users\/4"}],"replies":[{"embeddable":true,"href":"https:\/\/blog.madeleinemeuwessen.nl\/da\/wp-json\/wp\/v2\/comments?post=2"}],"version-history":[{"count":0,"href":"https:\/\/blog.madeleinemeuwessen.nl\/da\/wp-json\/wp\/v2\/pages\/2\/revisions"}],"wp:attachment":[{"href":"https:\/\/blog.madeleinemeuwessen.nl\/da\/wp-json\/wp\/v2\/media?parent=2"}],"curies":[{"name":"wp","href":"https:\/\/api.w.org\/{rel}","templated":true}]}}